{"id":43,"date":"2017-05-11T09:51:48","date_gmt":"2017-05-11T07:51:48","guid":{"rendered":"http:\/\/www.fiorenzobuti.it\/?page_id=43"},"modified":"2021-05-28T18:02:47","modified_gmt":"2021-05-28T16:02:47","slug":"pensieri","status":"publish","type":"page","link":"http:\/\/www.fiorenzobuti.it\/index.php\/pensieri\/","title":{"rendered":"pensieri"},"content":{"rendered":"<p><span style=\"font-size: 12pt;\">Fare arte principalmente \u00e8 esprimersi, avere il mezzo per raccontare l&#8217; anima , la sua essenza. E l\u00ec non ti puoi nascondere, devi prima di tutto emozionare te stesso per primo .<\/span><\/p>\n<p><strong><span style=\"font-size: 12pt; color: #ff6600;\"><em>creare rende liberi<\/em><\/span><\/strong><\/p>\n<p>Sentirsi pratesi ed essere artisti \u00e8 un passo breve per la mia esperienza, come un compositore che gioisce quando trova il ritornello giusto.<\/p>\n<p>E io sento una forma di realizzazione nell&#8217; equilibrare oggetti, colori e forme a stesura avvenuta.<\/p>\n<p>Perch\u00e9 <strong><em><span style=\"color: #ff6600;\">essere pratese<\/span><\/em><\/strong> vuol dire aver visto da sempre i tuoi familiari, parenti e conoscenti, lavorare sempre, senza quasi prendere riposo e vacanze.<\/p>\n<p><strong><em><span style=\"color: #ff6600;\">Quando eri piccolo e guardavi in giro, tu cosa vedevi ?<\/span><\/em><\/strong><\/p>\n<p><strong><span style=\"color: #ff6600;\"><em>Io vedevo colori.\u00a0<\/em><\/span><\/strong><span style=\"color: #ff6600;\"><span style=\"color: #333333;\">Colori in strada, colori in strada, colori nei magazzini, camion pieni di clori, fabbriche che lavoravano i colori : siamo maestri del colore.<\/span><\/span><\/p>\n<p>I pratesi hanno abbinato lavoro, arte e riutilizzo dei materiali scartati rimessi in commercio come nuovi<\/p>\n<p><em><strong><span style=\"color: #ff6600;\">Siamo maestri dell&#8217; arte del riciclo.<\/span><\/strong><\/em> E riciclare significa toccare con mano un pezzettino di vita di qualche remota persona che abita dall&#8217; altro capo del mondo e tu, con il tuo lavoro, con la tua arte,\u00a0 rinnovi questi oggetti e li rendi a nuova vita. Nuove energie come in un circolo vizioso senza fine.<\/p>\n<p>per me creare con materiali di riciclo tessile significa <em><strong><span style=\"color: #ff6600;\">appartenere al territorio<\/span><\/strong><\/em>, esserne parte integrante, amare le tue esperienze di vita, emozionarsi di fronte a tutta questa ingegnosit\u00e0 e laboriosit\u00e0.<\/p>\n<p><em><strong><span style=\"color: #ff6600;\">E l&#8217; arte astratta con materiali di scarto tessile \u00e8 un modo per andare oltre <\/span><\/strong><\/em>\u00a0metterli insieme ed amalgamarli fondendoli fa si che non ci siano limiti e confini alla creativit\u00e0 del dei materiali e delle forme. E&#8217; sufficiente che ci siano\u00a0 equilibrio, amore e passione . Per me gettare colori su queste tavole d\u00e0 un senso profondo di libert\u00e0, d\u00e0 vita a riflessioni su come io interpreto emozioni vissute e che sto vivendo.<\/p>\n<p>&nbsp;<\/p>\n","protected":false},"excerpt":{"rendered":"<p>Fare arte principalmente \u00e8 esprimersi, avere il mezzo per raccontare l&#8217; anima , la sua essenza. E l\u00ec non ti puoi nascondere, devi prima di tutto emozionare te stesso per primo . creare rende liberi Sentirsi pratesi ed essere artisti \u00e8 un passo breve per la mia esperienza, come un compositore che gioisce quando trova [&hellip;]<\/p>\n","protected":false},"author":1,"featured_media":0,"parent":0,"menu_order":0,"comment_status":"closed","ping_status":"closed","template":"","meta":{"footnotes":""},"class_list":["post-43","page","type-page","status-publish","czr-hentry"],"_links":{"self":[{"href":"http:\/\/www.fiorenzobuti.it\/index.php\/wp-json\/wp\/v2\/pages\/43","targetHints":{"allow":["GET"]}}],"collection":[{"href":"http:\/\/www.fiorenzobuti.it\/index.php\/wp-json\/wp\/v2\/pages"}],"about":[{"href":"http:\/\/www.fiorenzobuti.it\/index.php\/wp-json\/wp\/v2\/types\/page"}],"author":[{"embeddable":true,"href":"http:\/\/www.fiorenzobuti.it\/index.php\/wp-json\/wp\/v2\/users\/1"}],"replies":[{"embeddable":true,"href":"http:\/\/www.fiorenzobuti.it\/index.php\/wp-json\/wp\/v2\/comments?post=43"}],"version-history":[{"count":6,"href":"http:\/\/www.fiorenzobuti.it\/index.php\/wp-json\/wp\/v2\/pages\/43\/revisions"}],"predecessor-version":[{"id":428,"href":"http:\/\/www.fiorenzobuti.it\/index.php\/wp-json\/wp\/v2\/pages\/43\/revisions\/428"}],"wp:attachment":[{"href":"http:\/\/www.fiorenzobuti.it\/index.php\/wp-json\/wp\/v2\/media?parent=43"}],"curies":[{"name":"wp","href":"https:\/\/api.w.org\/{rel}","templated":true}]}}