{"id":47,"date":"2017-05-11T09:52:23","date_gmt":"2017-05-11T07:52:23","guid":{"rendered":"http:\/\/www.fiorenzobuti.it\/?page_id=47"},"modified":"2022-03-23T16:06:28","modified_gmt":"2022-03-23T15:06:28","slug":"eventi","status":"publish","type":"page","link":"http:\/\/www.fiorenzobuti.it\/index.php\/eventi\/","title":{"rendered":"Eventi"},"content":{"rendered":"\t\t<div data-elementor-type=\"wp-page\" data-elementor-id=\"47\" class=\"elementor elementor-47\">\n\t\t\t\t\t\t<section class=\"elementor-section elementor-top-section elementor-element elementor-element-1b5be78 elementor-section-boxed elementor-section-height-default elementor-section-height-default\" data-id=\"1b5be78\" data-element_type=\"section\" data-e-type=\"section\">\n\t\t\t\t\t\t<div class=\"elementor-container elementor-column-gap-default\">\n\t\t\t\t\t<div class=\"elementor-column elementor-col-100 elementor-top-column elementor-element elementor-element-6555759\" data-id=\"6555759\" data-element_type=\"column\" data-e-type=\"column\">\n\t\t\t<div class=\"elementor-widget-wrap elementor-element-populated\">\n\t\t\t\t\t\t<div class=\"elementor-element elementor-element-159c2d6 elementor-grid-4 elementor-grid-tablet-2 elementor-grid-mobile-1 elementor-widget elementor-widget-elementor-blog-posts\" data-id=\"159c2d6\" data-element_type=\"widget\" data-e-type=\"widget\" data-settings=\"{&quot;columns&quot;:&quot;4&quot;,&quot;columns_tablet&quot;:&quot;2&quot;,&quot;columns_mobile&quot;:&quot;1&quot;}\" data-widget_type=\"elementor-blog-posts.default\">\n\t\t\t\t<div class=\"elementor-widget-container\">\n\t\t\t\t\t\t\t<div class=\"wpcap-grid\">\n\t\t\t\t\t\t<div class=\"wpcap-grid-container elementor-grid wpcap-grid-desktop-4 wpcap-grid-tablet-2 wpcap-grid-mobile-1\">\n\n\t\t\t\t\n        <article id=\"post-839\" class=\"wpcap-post post-839 post type-post status-publish format-standard has-post-thumbnail category-eventi czr-hentry\">\n         \n            <div class=\"post-grid-inner\">\n            \t\n            \t\t\t\t<div class=\"post-grid-thumbnail\">\n\t\t\t\t<a href=\"http:\/\/www.fiorenzobuti.it\/index.php\/2022\/04\/19\/vernissage-al-caffe-le-cicale-di-livorno\/\">\n\t\t\t\t\t<img fetchpriority=\"high\" decoding=\"async\" width=\"300\" height=\"293\" src=\"http:\/\/www.fiorenzobuti.it\/wp-content\/uploads\/2022\/04\/04e9be2a-790e-4479-9045-802cc08f05b0-300x293.jpg\" class=\"attachment-medium size-medium wp-post-image\" alt=\"\" srcset=\"http:\/\/www.fiorenzobuti.it\/wp-content\/uploads\/2022\/04\/04e9be2a-790e-4479-9045-802cc08f05b0-300x293.jpg 300w, http:\/\/www.fiorenzobuti.it\/wp-content\/uploads\/2022\/04\/04e9be2a-790e-4479-9045-802cc08f05b0-1024x1001.jpg 1024w, http:\/\/www.fiorenzobuti.it\/wp-content\/uploads\/2022\/04\/04e9be2a-790e-4479-9045-802cc08f05b0-768x751.jpg 768w, http:\/\/www.fiorenzobuti.it\/wp-content\/uploads\/2022\/04\/04e9be2a-790e-4479-9045-802cc08f05b0-1536x1502.jpg 1536w, http:\/\/www.fiorenzobuti.it\/wp-content\/uploads\/2022\/04\/04e9be2a-790e-4479-9045-802cc08f05b0.jpg 2048w\" sizes=\"(max-width: 300px) 100vw, 300px\" \/>\t\t\t\t<\/a>\n\t\t\t<\/div>\n        \n                <div class=\"post-grid-text-wrap\">\n               \t\t\t\t<h4 class=\"title\">\n\t\t\t<a href=\"http:\/\/www.fiorenzobuti.it\/index.php\/2022\/04\/19\/vernissage-al-caffe-le-cicale-di-livorno\/\">Presentazione al &#8220;Caff\u00e8 Le Cicale&#8221; di Livorno<\/a>\n\t\t<\/h4>\n\t\t\t                \t\t<div class=\"post-grid-meta\">\n\t\t\t\n\t\t\t\t<span class=\"post-date\"><time datetime=\"2022-04-19T09:50:13+02:00\">19 Aprile 2022<\/time><\/span>\n\n\t\t\t\t\n\t\t\t\t<span class=\"post-comments\">Nessun commento<\/span>\n\n\t\t\t\t\t\t<\/div>\n\t\t\t                \t\t<div class=\"post-grid-excerpt\">\n\t\t\t<p>In occasione della Festa del Primo Maggio, presso il caff\u00e8 &#8220;le cicale&#8221; di Livorno l&#8217; artista presenter\u00e0 questo lavoro dal titolo &#8220;Tutto \u00e8 opera dell&#8217;&hellip;<\/p>\n\t\t<\/div>\n\t\t\t                \t\t<a class=\"read-more-btn\" href=\"http:\/\/www.fiorenzobuti.it\/index.php\/2022\/04\/19\/vernissage-al-caffe-le-cicale-di-livorno\/\">Read More \u00bb<\/a>\n\t\t                <\/div>\n\n            <\/div><!-- .blog-inner -->\n           \n        <\/article>\n\n        \n        <article id=\"post-784\" class=\"wpcap-post post-784 post type-post status-publish format-standard has-post-thumbnail category-eventi category-news czr-hentry\">\n         \n            <div class=\"post-grid-inner\">\n            \t\n            \t\t\t\t<div class=\"post-grid-thumbnail\">\n\t\t\t\t<a href=\"http:\/\/www.fiorenzobuti.it\/index.php\/2022\/03\/16\/caffe-rinaldi\/\">\n\t\t\t\t\t<img decoding=\"async\" width=\"200\" height=\"300\" src=\"http:\/\/www.fiorenzobuti.it\/wp-content\/uploads\/2022\/03\/CAFFE-RINALDI-200x300.jpg\" class=\"attachment-medium size-medium wp-post-image\" alt=\"\" srcset=\"http:\/\/www.fiorenzobuti.it\/wp-content\/uploads\/2022\/03\/CAFFE-RINALDI-200x300.jpg 200w, http:\/\/www.fiorenzobuti.it\/wp-content\/uploads\/2022\/03\/CAFFE-RINALDI-682x1024.jpg 682w, http:\/\/www.fiorenzobuti.it\/wp-content\/uploads\/2022\/03\/CAFFE-RINALDI-768x1153.jpg 768w, http:\/\/www.fiorenzobuti.it\/wp-content\/uploads\/2022\/03\/CAFFE-RINALDI-1023x1536.jpg 1023w, http:\/\/www.fiorenzobuti.it\/wp-content\/uploads\/2022\/03\/CAFFE-RINALDI.jpg 1192w\" sizes=\"(max-width: 200px) 100vw, 200px\" \/>\t\t\t\t<\/a>\n\t\t\t<\/div>\n        \n                <div class=\"post-grid-text-wrap\">\n               \t\t\t\t<h4 class=\"title\">\n\t\t\t<a href=\"http:\/\/www.fiorenzobuti.it\/index.php\/2022\/03\/16\/caffe-rinaldi\/\">Caff\u00e8 Rinaldi<\/a>\n\t\t<\/h4>\n\t\t\t                \t\t<div class=\"post-grid-meta\">\n\t\t\t\n\t\t\t\t<span class=\"post-date\"><time datetime=\"2022-03-16T17:07:18+01:00\">16 Marzo 2022<\/time><\/span>\n\n\t\t\t\t\n\t\t\t\t<span class=\"post-comments\">Nessun commento<\/span>\n\n\t\t\t\t\t\t<\/div>\n\t\t\t                \t\t<div class=\"post-grid-excerpt\">\n\t\t\t<p>Ogni Luogo \u00e8 una galleria Fiorenzo Buti \u00e8 presente con 15 opere in esposizione presso il Caff\u00e8 Rinaldi &#8211; Via Parugiano di Sotto, 2 Montemurlo<\/p>\n\t\t<\/div>\n\t\t\t                \t\t<a class=\"read-more-btn\" href=\"http:\/\/www.fiorenzobuti.it\/index.php\/2022\/03\/16\/caffe-rinaldi\/\">Read More \u00bb<\/a>\n\t\t                <\/div>\n\n            <\/div><!-- .blog-inner -->\n           \n        <\/article>\n\n        \n        <article id=\"post-781\" class=\"wpcap-post post-781 post type-post status-publish format-standard has-post-thumbnail category-eventi category-news czr-hentry\">\n         \n            <div class=\"post-grid-inner\">\n            \t\n            \t\t\t\t<div class=\"post-grid-thumbnail\">\n\t\t\t\t<a href=\"http:\/\/www.fiorenzobuti.it\/index.php\/2022\/03\/15\/781\/\">\n\t\t\t\t\t<img decoding=\"async\" width=\"300\" height=\"169\" src=\"http:\/\/www.fiorenzobuti.it\/wp-content\/uploads\/2022\/03\/calibiza-primavera-2022-300x169.jpg\" class=\"attachment-medium size-medium wp-post-image\" alt=\"\" srcset=\"http:\/\/www.fiorenzobuti.it\/wp-content\/uploads\/2022\/03\/calibiza-primavera-2022-300x169.jpg 300w, http:\/\/www.fiorenzobuti.it\/wp-content\/uploads\/2022\/03\/calibiza-primavera-2022-768x433.jpg 768w, http:\/\/www.fiorenzobuti.it\/wp-content\/uploads\/2022\/03\/calibiza-primavera-2022-528x297.jpg 528w, http:\/\/www.fiorenzobuti.it\/wp-content\/uploads\/2022\/03\/calibiza-primavera-2022.jpg 960w\" sizes=\"(max-width: 300px) 100vw, 300px\" \/>\t\t\t\t<\/a>\n\t\t\t<\/div>\n        \n                <div class=\"post-grid-text-wrap\">\n               \t\t\t\t<h4 class=\"title\">\n\t\t\t<a href=\"http:\/\/www.fiorenzobuti.it\/index.php\/2022\/03\/15\/781\/\">Collettiva di Primavera<\/a>\n\t\t<\/h4>\n\t\t\t                \t\t<div class=\"post-grid-meta\">\n\t\t\t\n\t\t\t\t<span class=\"post-date\"><time datetime=\"2022-03-15T09:20:54+01:00\">15 Marzo 2022<\/time><\/span>\n\n\t\t\t\t\n\t\t\t\t<span class=\"post-comments\">Nessun commento<\/span>\n\n\t\t\t\t\t\t<\/div>\n\t\t\t                \t\t<div class=\"post-grid-excerpt\">\n\t\t\t<p>Fiorenzo Buti parteciper\u00e0 con 2 opere alla collettiva di primavera organizzata dall&#8217; associazione Calibiza Arte Nuova a Livorno dal 19 al 26 Marzo<\/p>\n\t\t<\/div>\n\t\t\t                \t\t<a class=\"read-more-btn\" href=\"http:\/\/www.fiorenzobuti.it\/index.php\/2022\/03\/15\/781\/\">Read More \u00bb<\/a>\n\t\t                <\/div>\n\n            <\/div><!-- .blog-inner -->\n           \n        <\/article>\n\n        \n        <article id=\"post-644\" class=\"wpcap-post post-644 post type-post status-publish format-standard has-post-thumbnail category-eventi czr-hentry\">\n         \n            <div class=\"post-grid-inner\">\n            \t\n            \t\t\t\t<div class=\"post-grid-thumbnail\">\n\t\t\t\t<a href=\"http:\/\/www.fiorenzobuti.it\/index.php\/2022\/01\/27\/le-tracce-degli-oggetti\/\">\n\t\t\t\t\t<img loading=\"lazy\" decoding=\"async\" width=\"277\" height=\"300\" src=\"http:\/\/www.fiorenzobuti.it\/wp-content\/uploads\/2022\/01\/mostra-misericordia-277x300.jpg\" class=\"attachment-medium size-medium wp-post-image\" alt=\"\" srcset=\"http:\/\/www.fiorenzobuti.it\/wp-content\/uploads\/2022\/01\/mostra-misericordia-277x300.jpg 277w, http:\/\/www.fiorenzobuti.it\/wp-content\/uploads\/2022\/01\/mostra-misericordia.jpg 639w\" sizes=\"(max-width: 277px) 100vw, 277px\" \/>\t\t\t\t<\/a>\n\t\t\t<\/div>\n        \n                <div class=\"post-grid-text-wrap\">\n               \t\t\t\t<h4 class=\"title\">\n\t\t\t<a href=\"http:\/\/www.fiorenzobuti.it\/index.php\/2022\/01\/27\/le-tracce-degli-oggetti\/\">Le tracce degli oggetti<\/a>\n\t\t<\/h4>\n\t\t\t                \t\t<div class=\"post-grid-meta\">\n\t\t\t\n\t\t\t\t<span class=\"post-date\"><time datetime=\"2022-01-27T10:24:11+01:00\">27 Gennaio 2022<\/time><\/span>\n\n\t\t\t\t\n\t\t\t\t<span class=\"post-comments\">Nessun commento<\/span>\n\n\t\t\t\t\t\t<\/div>\n\t\t\t                \t\t<div class=\"post-grid-excerpt\">\n\t\t\t<p>Le tracce degli oggetti \u00e8 la nuova esposizione di Fiorenzo Buti, una sinergia tra la vita quotidiana e l&#8217; arte di riciclare oggetti della nostra&hellip;<\/p>\n\t\t<\/div>\n\t\t\t                \t\t<a class=\"read-more-btn\" href=\"http:\/\/www.fiorenzobuti.it\/index.php\/2022\/01\/27\/le-tracce-degli-oggetti\/\">Read More \u00bb<\/a>\n\t\t                <\/div>\n\n            <\/div><!-- .blog-inner -->\n           \n        <\/article>\n\n        \n\t\t\t<\/div>\n\t\t<\/div>\n\t\t\t\t\t\t<\/div>\n\t\t\t\t<\/div>\n\t\t\t\t\t<\/div>\n\t\t<\/div>\n\t\t\t\t\t<\/div>\n\t\t<\/section>\n\t\t\t\t<\/div>\n\t\t","protected":false},"excerpt":{"rendered":"<p>Caff\u00e8 Rinaldi 16 Marzo 2022 Nessun commento Ogni Luogo \u00e8 una galleria Fiorenzo Buti \u00e8 presente con 15 opere in esposizione presso il Caff\u00e8 Rinaldi \u2013 Via Parugiano di Sotto, 2 Montemurlo Read More \u00bb 15 Marzo 2022 Nessun commento Fiorenzo Buti parteciper\u00e0 con 2 opere alla collettiva di primavera organizzata dall\u2019 associazione Calibiza Arte [&hellip;]<\/p>\n","protected":false},"author":1,"featured_media":0,"parent":0,"menu_order":0,"comment_status":"closed","ping_status":"closed","template":"","meta":{"footnotes":""},"class_list":["post-47","page","type-page","status-publish","czr-hentry"],"_links":{"self":[{"href":"http:\/\/www.fiorenzobuti.it\/index.php\/wp-json\/wp\/v2\/pages\/47","targetHints":{"allow":["GET"]}}],"collection":[{"href":"http:\/\/www.fiorenzobuti.it\/index.php\/wp-json\/wp\/v2\/pages"}],"about":[{"href":"http:\/\/www.fiorenzobuti.it\/index.php\/wp-json\/wp\/v2\/types\/page"}],"author":[{"embeddable":true,"href":"http:\/\/www.fiorenzobuti.it\/index.php\/wp-json\/wp\/v2\/users\/1"}],"replies":[{"embeddable":true,"href":"http:\/\/www.fiorenzobuti.it\/index.php\/wp-json\/wp\/v2\/comments?post=47"}],"version-history":[{"count":12,"href":"http:\/\/www.fiorenzobuti.it\/index.php\/wp-json\/wp\/v2\/pages\/47\/revisions"}],"predecessor-version":[{"id":815,"href":"http:\/\/www.fiorenzobuti.it\/index.php\/wp-json\/wp\/v2\/pages\/47\/revisions\/815"}],"wp:attachment":[{"href":"http:\/\/www.fiorenzobuti.it\/index.php\/wp-json\/wp\/v2\/media?parent=47"}],"curies":[{"name":"wp","href":"https:\/\/api.w.org\/{rel}","templated":true}]}}